{"id":29,"date":"2026-01-04T16:56:33","date_gmt":"2026-01-04T13:56:33","guid":{"rendered":"https:\/\/citytechankara.com\/?page_id=29"},"modified":"2026-01-04T19:51:06","modified_gmt":"2026-01-04T16:51:06","slug":"yerlesim-plani","status":"publish","type":"page","link":"https:\/\/citytechankara.com\/?page_id=29","title":{"rendered":"Yerle\u015fim plan\u0131"},"content":{"rendered":"\n<p class=\"has-text-align-center\">Yerle\u015fim plan\u0131 yak\u0131nda yay\u0131nlanacak.<\/p>\n\n\n\n<p><\/p>\n","protected":false},"excerpt":{"rendered":"<p>Yerle\u015fim plan\u0131 yak\u0131nda yay\u0131nlanacak.<\/p>\n","protected":false},"author":1,"featured_media":0,"parent":0,"menu_order":0,"comment_status":"closed","ping_status":"closed","template":"","meta":{"footnotes":""},"class_list":["post-29","page","type-page","status-publish","hentry"],"_links":{"self":[{"href":"https:\/\/citytechankara.com\/index.php?rest_route=\/wp\/v2\/pages\/29","targetHints":{"allow":["GET"]}}],"collection":[{"href":"https:\/\/citytechankara.com\/index.php?rest_route=\/wp\/v2\/pages"}],"about":[{"href":"https:\/\/citytechankara.com\/index.php?rest_route=\/wp\/v2\/types\/page"}],"author":[{"embeddable":true,"href":"https:\/\/citytechankara.com\/index.php?rest_route=\/wp\/v2\/users\/1"}],"replies":[{"embeddable":true,"href":"https:\/\/citytechankara.com\/index.php?rest_route=%2Fwp%2Fv2%2Fcomments&post=29"}],"version-history":[{"count":4,"href":"https:\/\/citytechankara.com\/index.php?rest_route=\/wp\/v2\/pages\/29\/revisions"}],"predecessor-version":[{"id":265,"href":"https:\/\/citytechankara.com\/index.php?rest_route=\/wp\/v2\/pages\/29\/revisions\/265"}],"wp:attachment":[{"href":"https:\/\/citytechankara.com\/index.php?rest_route=%2Fwp%2Fv2%2Fmedia&parent=29"}],"curies":[{"name":"wp","href":"https:\/\/api.w.org\/{rel}","templated":true}]}}