{"id":31,"date":"2026-01-04T16:56:46","date_gmt":"2026-01-04T13:56:46","guid":{"rendered":"https:\/\/citytechankara.com\/?page_id=31"},"modified":"2026-01-04T21:10:39","modified_gmt":"2026-01-04T18:10:39","slug":"sss","status":"publish","type":"page","link":"https:\/\/citytechankara.com\/?page_id=31","title":{"rendered":"SSS"},"content":{"rendered":"\t\t<div data-elementor-type=\"wp-page\" data-elementor-id=\"31\" class=\"elementor elementor-31\" data-elementor-post-type=\"page\">\n\t\t\t\t<div class=\"elementor-element elementor-element-450307b e-flex e-con-boxed e-con e-parent\" data-id=\"450307b\" data-element_type=\"container\">\n\t\t\t\t\t<div class=\"e-con-inner\">\n\t\t\t\t<div class=\"elementor-element elementor-element-9d3afda elementor-widget elementor-widget-n-accordion\" data-id=\"9d3afda\" data-element_type=\"widget\" data-settings=\"{&quot;default_state&quot;:&quot;expanded&quot;,&quot;max_items_expended&quot;:&quot;one&quot;,&quot;n_accordion_animation_duration&quot;:{&quot;unit&quot;:&quot;ms&quot;,&quot;size&quot;:400,&quot;sizes&quot;:[]}}\" data-widget_type=\"nested-accordion.default\">\n\t\t\t\t\t\t\t<div class=\"e-n-accordion\" aria-label=\"Accordion. Open links with Enter or Space, close with Escape, and navigate with Arrow Keys\">\n\t\t\t\t\t\t<details id=\"e-n-accordion-item-1640\" class=\"e-n-accordion-item\" open>\n\t\t\t\t<summary class=\"e-n-accordion-item-title\" data-accordion-index=\"1\" tabindex=\"0\" aria-expanded=\"true\" aria-controls=\"e-n-accordion-item-1640\" >\n\t\t\t\t\t<span class='e-n-accordion-item-title-header'><div class=\"e-n-accordion-item-title-text\"> Fuar Ne Zaman A\u00e7\u0131l\u0131yor?  <\/div><\/span>\n\t\t\t\t\t\t\t<span class='e-n-accordion-item-title-icon'>\n\t\t\t<span class='e-opened' ><svg aria-hidden=\"true\" class=\"e-font-icon-svg e-fas-minus\" viewBox=\"0 0 448 512\" xmlns=\"http:\/\/www.w3.org\/2000\/svg\"><path d=\"M416 208H32c-17.67 0-32 14.33-32 32v32c0 17.67 14.33 32 32 32h384c17.67 0 32-14.33 32-32v-32c0-17.67-14.33-32-32-32z\"><\/path><\/svg><\/span>\n\t\t\t<span class='e-closed'><svg aria-hidden=\"true\" class=\"e-font-icon-svg e-fas-plus\" viewBox=\"0 0 448 512\" xmlns=\"http:\/\/www.w3.org\/2000\/svg\"><path d=\"M416 208H272V64c0-17.67-14.33-32-32-32h-32c-17.67 0-32 14.33-32 32v144H32c-17.67 0-32 14.33-32 32v32c0 17.67 14.33 32 32 32h144v144c0 17.67 14.33 32 32 32h32c17.67 0 32-14.33 32-32V304h144c17.67 0 32-14.33 32-32v-32c0-17.67-14.33-32-32-32z\"><\/path><\/svg><\/span>\n\t\t<\/span>\n\n\t\t\t\t\t\t<\/summary>\n\t\t\t\t<div role=\"region\" aria-labelledby=\"e-n-accordion-item-1640\" class=\"elementor-element elementor-element-ba6f675 e-con-full e-flex e-con e-child\" data-id=\"ba6f675\" data-element_type=\"container\">\n\t\t\t\t<div class=\"elementor-element elementor-element-6ffe621 elementor-widget elementor-widget-text-editor\" data-id=\"6ffe621\" data-element_type=\"widget\" data-widget_type=\"text-editor.default\">\n\t\t\t\t\t\t\t\t\t<p>Fuar 23 Eyl\u00fcl 2026 \u00c7ar\u015famba g\u00fcn\u00fc saat 10:00\u2019da ziyarete a\u00e7\u0131lacak, 26 Eyl\u00fcl 2026 Cumartesi g\u00fcn\u00fc 19:00\u2019da kapanacakt\u0131r.<\/p>\t\t\t\t\t\t\t\t<\/div>\n\t\t\t\t<\/div>\n\t\t\t\t\t<\/details>\n\t\t\t\t\t\t<details id=\"e-n-accordion-item-1641\" class=\"e-n-accordion-item\" >\n\t\t\t\t<summary class=\"e-n-accordion-item-title\" data-accordion-index=\"2\" tabindex=\"-1\" aria-expanded=\"false\" aria-controls=\"e-n-accordion-item-1641\" >\n\t\t\t\t\t<span class='e-n-accordion-item-title-header'><div class=\"e-n-accordion-item-title-text\"> Fuar Giri\u015fleri \u00dccretsiz mi? <\/div><\/span>\n\t\t\t\t\t\t\t<span class='e-n-accordion-item-title-icon'>\n\t\t\t<span class='e-opened' ><svg aria-hidden=\"true\" class=\"e-font-icon-svg e-fas-minus\" viewBox=\"0 0 448 512\" xmlns=\"http:\/\/www.w3.org\/2000\/svg\"><path d=\"M416 208H32c-17.67 0-32 14.33-32 32v32c0 17.67 14.33 32 32 32h384c17.67 0 32-14.33 32-32v-32c0-17.67-14.33-32-32-32z\"><\/path><\/svg><\/span>\n\t\t\t<span class='e-closed'><svg aria-hidden=\"true\" class=\"e-font-icon-svg e-fas-plus\" viewBox=\"0 0 448 512\" xmlns=\"http:\/\/www.w3.org\/2000\/svg\"><path d=\"M416 208H272V64c0-17.67-14.33-32-32-32h-32c-17.67 0-32 14.33-32 32v144H32c-17.67 0-32 14.33-32 32v32c0 17.67 14.33 32 32 32h144v144c0 17.67 14.33 32 32 32h32c17.67 0 32-14.33 32-32V304h144c17.67 0 32-14.33 32-32v-32c0-17.67-14.33-32-32-32z\"><\/path><\/svg><\/span>\n\t\t<\/span>\n\n\t\t\t\t\t\t<\/summary>\n\t\t\t\t<div role=\"region\" aria-labelledby=\"e-n-accordion-item-1641\" class=\"elementor-element elementor-element-62eb7da e-con-full e-flex e-con e-child\" data-id=\"62eb7da\" data-element_type=\"container\">\n\t\t\t\t<div class=\"elementor-element elementor-element-fcc2998 elementor-widget elementor-widget-text-editor\" data-id=\"fcc2998\" data-element_type=\"widget\" data-widget_type=\"text-editor.default\">\n\t\t\t\t\t\t\t\t\t<p>Fuar giri\u015fleri \u00fccretsizdir.<\/p>\t\t\t\t\t\t\t\t<\/div>\n\t\t\t\t<\/div>\n\t\t\t\t\t<\/details>\n\t\t\t\t\t\t<details id=\"e-n-accordion-item-1642\" class=\"e-n-accordion-item\" >\n\t\t\t\t<summary class=\"e-n-accordion-item-title\" data-accordion-index=\"3\" tabindex=\"-1\" aria-expanded=\"false\" aria-controls=\"e-n-accordion-item-1642\" >\n\t\t\t\t\t<span class='e-n-accordion-item-title-header'><div class=\"e-n-accordion-item-title-text\"> Fuar Alan\u0131na Nas\u0131l Gidebilirim?  <\/div><\/span>\n\t\t\t\t\t\t\t<span class='e-n-accordion-item-title-icon'>\n\t\t\t<span class='e-opened' ><svg aria-hidden=\"true\" class=\"e-font-icon-svg e-fas-minus\" viewBox=\"0 0 448 512\" xmlns=\"http:\/\/www.w3.org\/2000\/svg\"><path d=\"M416 208H32c-17.67 0-32 14.33-32 32v32c0 17.67 14.33 32 32 32h384c17.67 0 32-14.33 32-32v-32c0-17.67-14.33-32-32-32z\"><\/path><\/svg><\/span>\n\t\t\t<span class='e-closed'><svg aria-hidden=\"true\" class=\"e-font-icon-svg e-fas-plus\" viewBox=\"0 0 448 512\" xmlns=\"http:\/\/www.w3.org\/2000\/svg\"><path d=\"M416 208H272V64c0-17.67-14.33-32-32-32h-32c-17.67 0-32 14.33-32 32v144H32c-17.67 0-32 14.33-32 32v32c0 17.67 14.33 32 32 32h144v144c0 17.67 14.33 32 32 32h32c17.67 0 32-14.33 32-32V304h144c17.67 0 32-14.33 32-32v-32c0-17.67-14.33-32-32-32z\"><\/path><\/svg><\/span>\n\t\t<\/span>\n\n\t\t\t\t\t\t<\/summary>\n\t\t\t\t<div role=\"region\" aria-labelledby=\"e-n-accordion-item-1642\" class=\"elementor-element elementor-element-cb444f7 e-con-full e-flex e-con e-child\" data-id=\"cb444f7\" data-element_type=\"container\">\n\t\t\t\t<div class=\"elementor-element elementor-element-f506a29 elementor-widget elementor-widget-text-editor\" data-id=\"f506a29\" data-element_type=\"widget\" data-widget_type=\"text-editor.default\">\n\t\t\t\t\t\t\t\t\t<p><strong>\u00d6ZEL ARA\u00c7LA ULA\u015eIM<\/strong><\/p><p>Ba\u015fkent Millet Bah\u00e7esi (AKM) Fuar Alan\u0131na ula\u015f\u0131m sa\u011flayabilirsiniz.<\/p><p data-path-to-node=\"4\"><strong>METRO \u0130LE ULA\u015eIM<\/strong><\/p><ul><li data-path-to-node=\"6,0,0\">M1-M2-M3 Hatt\u0131 (Bat\u0131kent\/Sincan &#8211; K\u0131z\u0131lay\/\u00c7ayyolu): AKM (Atat\u00fcrk K\u00fclt\u00fcr Merkezi) dura\u011f\u0131nda inmelisiniz. Duraktan \u00e7\u0131kt\u0131ktan sonra yakla\u015f\u0131k 1-2 dakikal\u0131k k\u0131sa bir y\u00fcr\u00fcy\u00fc\u015fle fuar alan\u0131na giri\u015f yapabilirsiniz.<\/li><li data-path-to-node=\"6,1,0\">M4 Hatt\u0131 (Ke\u00e7i\u00f6ren &#8211; K\u0131z\u0131lay): Yine AKM dura\u011f\u0131nda inerek aktarma yapmadan do\u011frudan alana ula\u015fabilirsiniz.<\/li><\/ul><p data-path-to-node=\"7\"><strong>OTOB\u00dcS \u0130LE ULA\u015eIM<\/strong><\/p><ul data-path-to-node=\"9\"><li><p data-path-to-node=\"9,0,0\">\u0130stanbul Yolu \u00dczerinden Ge\u00e7en Hatlar: \u0130stanbul Yolu g\u00fczergah\u0131n\u0131 kullanan neredeyse t\u00fcm EGO ve Halk otob\u00fcsleri Millet Bah\u00e7esi yak\u0131n\u0131ndan ge\u00e7er.<\/p><\/li><li><p data-path-to-node=\"9,1,0\">\u00d6ne \u00c7\u0131kan Hatlar: 442 (Havaliman\u0131), 419, 450, 502, 504, 514 ve 523 numaral\u0131 hatlar b\u00f6lgeden ge\u00e7er. &#8220;Atat\u00fcrk K\u00fclt\u00fcr Merkezi&#8221; veya &#8220;Ankara B\u00fcy\u00fck\u015fehir Belediyesi&#8221; duraklar\u0131nda inebilirsiniz.<\/p><\/li><\/ul><p data-path-to-node=\"10\"><strong>TREN (BA\u015eKENTRAY) \u0130LE ULA\u015eIM<\/strong><\/p><p data-path-to-node=\"11\">Etimesgut, Sincan veya Mamak taraflar\u0131ndan geliyorsan\u0131z mant\u0131kl\u0131 bir se\u00e7enektir.<\/p><p data-path-to-node=\"12,0,0\">Ankara Gar\u0131 \/ YHT Gar\u0131: Trenden indikten sonra yakla\u015f\u0131k 10-15 dakikal\u0131k bir y\u00fcr\u00fcy\u00fc\u015fle veya bir durak metro aktarmas\u0131yla Millet Bah\u00e7esi&#8217;ne ula\u015fabilirsiniz.<\/p>\t\t\t\t\t\t\t\t<\/div>\n\t\t\t\t<\/div>\n\t\t\t\t\t<\/details>\n\t\t\t\t\t\t<details id=\"e-n-accordion-item-1643\" class=\"e-n-accordion-item\" >\n\t\t\t\t<summary class=\"e-n-accordion-item-title\" data-accordion-index=\"4\" tabindex=\"-1\" aria-expanded=\"false\" aria-controls=\"e-n-accordion-item-1643\" >\n\t\t\t\t\t<span class='e-n-accordion-item-title-header'><div class=\"e-n-accordion-item-title-text\"> Fuar Nerede?  <\/div><\/span>\n\t\t\t\t\t\t\t<span class='e-n-accordion-item-title-icon'>\n\t\t\t<span class='e-opened' ><svg aria-hidden=\"true\" class=\"e-font-icon-svg e-fas-minus\" viewBox=\"0 0 448 512\" xmlns=\"http:\/\/www.w3.org\/2000\/svg\"><path d=\"M416 208H32c-17.67 0-32 14.33-32 32v32c0 17.67 14.33 32 32 32h384c17.67 0 32-14.33 32-32v-32c0-17.67-14.33-32-32-32z\"><\/path><\/svg><\/span>\n\t\t\t<span class='e-closed'><svg aria-hidden=\"true\" class=\"e-font-icon-svg e-fas-plus\" viewBox=\"0 0 448 512\" xmlns=\"http:\/\/www.w3.org\/2000\/svg\"><path d=\"M416 208H272V64c0-17.67-14.33-32-32-32h-32c-17.67 0-32 14.33-32 32v144H32c-17.67 0-32 14.33-32 32v32c0 17.67 14.33 32 32 32h144v144c0 17.67 14.33 32 32 32h32c17.67 0 32-14.33 32-32V304h144c17.67 0 32-14.33 32-32v-32c0-17.67-14.33-32-32-32z\"><\/path><\/svg><\/span>\n\t\t<\/span>\n\n\t\t\t\t\t\t<\/summary>\n\t\t\t\t<div role=\"region\" aria-labelledby=\"e-n-accordion-item-1643\" class=\"elementor-element elementor-element-f3ddfae e-flex e-con-boxed e-con e-child\" data-id=\"f3ddfae\" data-element_type=\"container\">\n\t\t\t\t\t<div class=\"e-con-inner\">\n\t\t\t\t<div class=\"elementor-element elementor-element-56df455 elementor-widget elementor-widget-text-editor\" data-id=\"56df455\" data-element_type=\"widget\" data-widget_type=\"text-editor.default\">\n\t\t\t\t\t\t\t\t\t<p>Fuar, Ba\u015fkent Millet Bah\u00e7esi (AKM) Fuar Alan\u0131nda Ankara\u2019da ger\u00e7ekle\u015ftirilecektir.<\/p>\t\t\t\t\t\t\t\t<\/div>\n\t\t\t\t\t<\/div>\n\t\t\t\t<\/div>\n\t\t\t\t\t<\/details>\n\t\t\t\t\t\t<details id=\"e-n-accordion-item-1644\" class=\"e-n-accordion-item\" >\n\t\t\t\t<summary class=\"e-n-accordion-item-title\" data-accordion-index=\"5\" tabindex=\"-1\" aria-expanded=\"false\" aria-controls=\"e-n-accordion-item-1644\" >\n\t\t\t\t\t<span class='e-n-accordion-item-title-header'><div class=\"e-n-accordion-item-title-text\"> Fuar Hangi Saatler Aras\u0131nda Ziyarete A\u00e7\u0131k?  <\/div><\/span>\n\t\t\t\t\t\t\t<span class='e-n-accordion-item-title-icon'>\n\t\t\t<span class='e-opened' ><svg aria-hidden=\"true\" class=\"e-font-icon-svg e-fas-minus\" viewBox=\"0 0 448 512\" xmlns=\"http:\/\/www.w3.org\/2000\/svg\"><path d=\"M416 208H32c-17.67 0-32 14.33-32 32v32c0 17.67 14.33 32 32 32h384c17.67 0 32-14.33 32-32v-32c0-17.67-14.33-32-32-32z\"><\/path><\/svg><\/span>\n\t\t\t<span class='e-closed'><svg aria-hidden=\"true\" class=\"e-font-icon-svg e-fas-plus\" viewBox=\"0 0 448 512\" xmlns=\"http:\/\/www.w3.org\/2000\/svg\"><path d=\"M416 208H272V64c0-17.67-14.33-32-32-32h-32c-17.67 0-32 14.33-32 32v144H32c-17.67 0-32 14.33-32 32v32c0 17.67 14.33 32 32 32h144v144c0 17.67 14.33 32 32 32h32c17.67 0 32-14.33 32-32V304h144c17.67 0 32-14.33 32-32v-32c0-17.67-14.33-32-32-32z\"><\/path><\/svg><\/span>\n\t\t<\/span>\n\n\t\t\t\t\t\t<\/summary>\n\t\t\t\t<div role=\"region\" aria-labelledby=\"e-n-accordion-item-1644\" class=\"elementor-element elementor-element-1263111 e-flex e-con-boxed e-con e-child\" data-id=\"1263111\" data-element_type=\"container\">\n\t\t\t\t\t<div class=\"e-con-inner\">\n\t\t\t\t<div class=\"elementor-element elementor-element-25e508c elementor-widget elementor-widget-text-editor\" data-id=\"25e508c\" data-element_type=\"widget\" data-widget_type=\"text-editor.default\">\n\t\t\t\t\t\t\t\t\t<p>23 Eyl\u00fcl 2026 \u00c7ar\u015famba<br \/>A\u00e7\u0131l\u0131\u015f T\u00f6reni (Opsiyonlu) 13:00 &#8211; Ak\u015fam 19:00<\/p><p>24 Eyl\u00fcl 2026 Per\u015fembe<br \/>10:00-19:00<\/p><p>25 Eyl\u00fcl 2026 Cuma<br \/>10:00-19:00<\/p><p>26 Eyl\u00fcl 2026 Cumartesi<br \/>10:00-19:00<\/p>\t\t\t\t\t\t\t\t<\/div>\n\t\t\t\t\t<\/div>\n\t\t\t\t<\/div>\n\t\t\t\t\t<\/details>\n\t\t\t\t\t\t<details id=\"e-n-accordion-item-1645\" class=\"e-n-accordion-item\" >\n\t\t\t\t<summary class=\"e-n-accordion-item-title\" data-accordion-index=\"6\" tabindex=\"-1\" aria-expanded=\"false\" aria-controls=\"e-n-accordion-item-1645\" >\n\t\t\t\t\t<span class='e-n-accordion-item-title-header'><div class=\"e-n-accordion-item-title-text\"> Fuar Ziyaret\u00e7ilerine Yak\u0131t Deste\u011fi Sa\u011flan\u0131yor mu?  <\/div><\/span>\n\t\t\t\t\t\t\t<span class='e-n-accordion-item-title-icon'>\n\t\t\t<span class='e-opened' ><svg aria-hidden=\"true\" class=\"e-font-icon-svg e-fas-minus\" viewBox=\"0 0 448 512\" xmlns=\"http:\/\/www.w3.org\/2000\/svg\"><path d=\"M416 208H32c-17.67 0-32 14.33-32 32v32c0 17.67 14.33 32 32 32h384c17.67 0 32-14.33 32-32v-32c0-17.67-14.33-32-32-32z\"><\/path><\/svg><\/span>\n\t\t\t<span class='e-closed'><svg aria-hidden=\"true\" class=\"e-font-icon-svg e-fas-plus\" viewBox=\"0 0 448 512\" xmlns=\"http:\/\/www.w3.org\/2000\/svg\"><path d=\"M416 208H272V64c0-17.67-14.33-32-32-32h-32c-17.67 0-32 14.33-32 32v144H32c-17.67 0-32 14.33-32 32v32c0 17.67 14.33 32 32 32h144v144c0 17.67 14.33 32 32 32h32c17.67 0 32-14.33 32-32V304h144c17.67 0 32-14.33 32-32v-32c0-17.67-14.33-32-32-32z\"><\/path><\/svg><\/span>\n\t\t<\/span>\n\n\t\t\t\t\t\t<\/summary>\n\t\t\t\t<div role=\"region\" aria-labelledby=\"e-n-accordion-item-1645\" class=\"elementor-element elementor-element-9543dcb e-flex e-con-boxed e-con e-child\" data-id=\"9543dcb\" data-element_type=\"container\">\n\t\t\t\t\t<div class=\"e-con-inner\">\n\t\t\t\t<div class=\"elementor-element elementor-element-4d5726f elementor-widget elementor-widget-text-editor\" data-id=\"4d5726f\" data-element_type=\"widget\" data-widget_type=\"text-editor.default\">\n\t\t\t\t\t\t\t\t\t<p class=\"mb-0 p-custom-about\">Gruplar halinde otob\u00fcslerle yap\u0131lacak ziyaret organizasyonlar\u0131nda yak\u0131t deste\u011fi sa\u011flanmaktad\u0131r. Otob\u00fcsle ziyaret\u00e7i turlar\u0131 Ziraat Odalar\u0131, Kaymakaml\u0131klar ve Belediyeler arac\u0131l\u0131\u011f\u0131yla yap\u0131lmaktad\u0131r.<\/p>\t\t\t\t\t\t\t\t<\/div>\n\t\t\t\t\t<\/div>\n\t\t\t\t<\/div>\n\t\t\t\t\t<\/details>\n\t\t\t\t\t<\/div>\n\t\t\t\t\t\t<\/div>\n\t\t\t\t\t<\/div>\n\t\t\t\t<\/div>\n\t\t\t\t<\/div>\n\t\t","protected":false},"excerpt":{"rendered":"<p>Fuar Ne Zaman A\u00e7\u0131l\u0131yor? Fuar 23 Eyl\u00fcl 2026 \u00c7ar\u015famba g\u00fcn\u00fc saat 10:00\u2019da ziyarete a\u00e7\u0131lacak, 26 Eyl\u00fcl 2026 Cumartesi g\u00fcn\u00fc 19:00\u2019da kapanacakt\u0131r. Fuar Giri\u015fleri \u00dccretsiz mi? Fuar giri\u015fleri \u00fccretsizdir. Fuar Alan\u0131na Nas\u0131l Gidebilirim? \u00d6ZEL ARA\u00c7LA ULA\u015eIM Ba\u015fkent Millet Bah\u00e7esi (AKM) Fuar Alan\u0131na ula\u015f\u0131m sa\u011flayabilirsiniz. METRO \u0130LE ULA\u015eIM M1-M2-M3 Hatt\u0131 (Bat\u0131kent\/Sincan &#8211; K\u0131z\u0131lay\/\u00c7ayyolu): AKM (Atat\u00fcrk K\u00fclt\u00fcr Merkezi) [&hellip;]<\/p>\n","protected":false},"author":1,"featured_media":0,"parent":0,"menu_order":0,"comment_status":"closed","ping_status":"closed","template":"","meta":{"footnotes":""},"class_list":["post-31","page","type-page","status-publish","hentry"],"_links":{"self":[{"href":"https:\/\/citytechankara.com\/index.php?rest_route=\/wp\/v2\/pages\/31","targetHints":{"allow":["GET"]}}],"collection":[{"href":"https:\/\/citytechankara.com\/index.php?rest_route=\/wp\/v2\/pages"}],"about":[{"href":"https:\/\/citytechankara.com\/index.php?rest_route=\/wp\/v2\/types\/page"}],"author":[{"embeddable":true,"href":"https:\/\/citytechankara.com\/index.php?rest_route=\/wp\/v2\/users\/1"}],"replies":[{"embeddable":true,"href":"https:\/\/citytechankara.com\/index.php?rest_route=%2Fwp%2Fv2%2Fcomments&post=31"}],"version-history":[{"count":10,"href":"https:\/\/citytechankara.com\/index.php?rest_route=\/wp\/v2\/pages\/31\/revisions"}],"predecessor-version":[{"id":428,"href":"https:\/\/citytechankara.com\/index.php?rest_route=\/wp\/v2\/pages\/31\/revisions\/428"}],"wp:attachment":[{"href":"https:\/\/citytechankara.com\/index.php?rest_route=%2Fwp%2Fv2%2Fmedia&parent=31"}],"curies":[{"name":"wp","href":"https:\/\/api.w.org\/{rel}","templated":true}]}}