{"id":50,"date":"2026-01-04T17:00:26","date_gmt":"2026-01-04T14:00:26","guid":{"rendered":"https:\/\/citytechankara.com\/?page_id=50"},"modified":"2026-01-04T23:47:36","modified_gmt":"2026-01-04T20:47:36","slug":"ziyaret-saatleri","status":"publish","type":"page","link":"https:\/\/citytechankara.com\/?page_id=50","title":{"rendered":"Ziyaret saatleri"},"content":{"rendered":"\t\t<div data-elementor-type=\"wp-page\" data-elementor-id=\"50\" class=\"elementor elementor-50\" data-elementor-post-type=\"page\">\n\t\t\t\t<div class=\"elementor-element elementor-element-2976b9e e-grid e-con-boxed e-con e-parent\" data-id=\"2976b9e\" data-element_type=\"container\">\n\t\t\t\t\t<div class=\"e-con-inner\">\n\t\t\t\t<div class=\"elementor-element elementor-element-99a3f0d elementor-widget elementor-widget-image\" data-id=\"99a3f0d\" data-element_type=\"widget\" data-widget_type=\"image.default\">\n\t\t\t\t\t\t\t\t\t\t\t\t\t\t\t<img fetchpriority=\"high\" decoding=\"async\" width=\"1000\" height=\"629\" src=\"https:\/\/citytechankara.com\/wp-content\/uploads\/2026\/01\/cityziyaret-1.jpg\" class=\"attachment-full size-full wp-image-521\" alt=\"\" srcset=\"https:\/\/citytechankara.com\/wp-content\/uploads\/2026\/01\/cityziyaret-1.jpg 1000w, https:\/\/citytechankara.com\/wp-content\/uploads\/2026\/01\/cityziyaret-1-300x189.jpg 300w, https:\/\/citytechankara.com\/wp-content\/uploads\/2026\/01\/cityziyaret-1-768x483.jpg 768w\" sizes=\"(max-width: 1000px) 100vw, 1000px\" \/>\t\t\t\t\t\t\t\t\t\t\t\t\t\t\t<\/div>\n\t\t\t\t<div class=\"elementor-element elementor-element-6d1578b elementor-widget elementor-widget-text-editor\" data-id=\"6d1578b\" data-element_type=\"widget\" data-widget_type=\"text-editor.default\">\n\t\t\t\t\t\t\t\t\t<p><strong>23 Eyl\u00fcl 2026 \u00c7ar\u015famba<br \/><\/strong>A\u00e7\u0131l\u0131\u015f T\u00f6reni (Opsiyonlu)<br \/>13:00\u00a0 &#8211;\u00a0 Ak\u015fam:19:00<\/p><p><strong>24 Eyl\u00fcl 2026 Per\u015fembe<br \/><\/strong>Sabah 10:00 &#8211; Ak\u015fam 19:00<\/p><p><strong>25 Eyl\u00fcl 2026 Cuma<br \/><\/strong>Sabah 10:00 &#8211; Ak\u015fam 19:00<\/p><p><strong>26 Eyl\u00fcl 2026 Cumartesi<br \/><\/strong>Sabah 10:00 &#8211; Ak\u015fam 19:00<\/p>\t\t\t\t\t\t\t\t<\/div>\n\t\t\t\t\t<\/div>\n\t\t\t\t<\/div>\n\t\t\t\t<\/div>\n\t\t","protected":false},"excerpt":{"rendered":"<p>23 Eyl\u00fcl 2026 \u00c7ar\u015fambaA\u00e7\u0131l\u0131\u015f T\u00f6reni (Opsiyonlu)13:00\u00a0 &#8211;\u00a0 Ak\u015fam:19:00 24 Eyl\u00fcl 2026 Per\u015fembeSabah 10:00 &#8211; Ak\u015fam 19:00 25 Eyl\u00fcl 2026 CumaSabah 10:00 &#8211; Ak\u015fam 19:00 26 Eyl\u00fcl 2026 CumartesiSabah 10:00 &#8211; Ak\u015fam 19:00<\/p>\n","protected":false},"author":1,"featured_media":0,"parent":0,"menu_order":0,"comment_status":"closed","ping_status":"closed","template":"","meta":{"footnotes":""},"class_list":["post-50","page","type-page","status-publish","hentry"],"_links":{"self":[{"href":"https:\/\/citytechankara.com\/index.php?rest_route=\/wp\/v2\/pages\/50","targetHints":{"allow":["GET"]}}],"collection":[{"href":"https:\/\/citytechankara.com\/index.php?rest_route=\/wp\/v2\/pages"}],"about":[{"href":"https:\/\/citytechankara.com\/index.php?rest_route=\/wp\/v2\/types\/page"}],"author":[{"embeddable":true,"href":"https:\/\/citytechankara.com\/index.php?rest_route=\/wp\/v2\/users\/1"}],"replies":[{"embeddable":true,"href":"https:\/\/citytechankara.com\/index.php?rest_route=%2Fwp%2Fv2%2Fcomments&post=50"}],"version-history":[{"count":10,"href":"https:\/\/citytechankara.com\/index.php?rest_route=\/wp\/v2\/pages\/50\/revisions"}],"predecessor-version":[{"id":527,"href":"https:\/\/citytechankara.com\/index.php?rest_route=\/wp\/v2\/pages\/50\/revisions\/527"}],"wp:attachment":[{"href":"https:\/\/citytechankara.com\/index.php?rest_route=%2Fwp%2Fv2%2Fmedia&parent=50"}],"curies":[{"name":"wp","href":"https:\/\/api.w.org\/{rel}","templated":true}]}}